{"id":3,"date":"2025-08-09T16:38:07","date_gmt":"2025-08-09T16:38:07","guid":{"rendered":"http:\/\/casinoreviewer.pl\/?page_id=3"},"modified":"2025-09-15T15:28:45","modified_gmt":"2025-09-15T15:28:45","slug":"privacy-policy","status":"publish","type":"page","link":"https:\/\/casinoreviewer.pl\/pl\/privacy-policy\/","title":{"rendered":"Polityka Prywatno\u015bci"},"content":{"rendered":"<h2 class=\"wp-block-heading\" id=\"h-who-we-are\">Kim jeste\u015bmy<\/h2>\n\n\n\n<p>Adres naszej strony internetowej to: <a href=\"https:\/\/casinoreviewer.pl\/pl\/\" target=\"_blank\" rel=\"noreferrer noopener\">https:\/\/casinoreviewer.pl<\/a>. Niniejsza polityka prywatno\u015bci okre\u015bla, w jaki spos\u00f3b przetwarzamy Twoje dane podczas korzystania z naszej platformy.<\/p>\n\n\n\n<h3 class=\"wp-block-heading\" id=\"h-what-personal-data-we-collect-and-why-we-collect-it\" style=\"font-size:25px\">Jakie dane osobowe zbieramy i dlaczego je gromadzimy:<\/h3>\n\n\n\n<div style=\"height:14px\" aria-hidden=\"true\" class=\"wp-block-spacer\"><\/div>\n\n\n\n<h4 class=\"wp-block-heading\" id=\"h-comments\">Komentarze<\/h4>\n\n\n\n<p>Kiedy odwiedzaj\u0105cy zostawiaj\u0105 komentarze, zbieramy dane podane w formularzu komentarza. Zbieramy r\u00f3wnie\u017c adres IP odwiedzaj\u0105cego oraz ci\u0105g identyfikacyjny przegl\u0105darki, aby pom\u00f3c w wykrywaniu spamu.<\/p>\n\n\n\n<h4 class=\"wp-block-heading\" id=\"h-media\">Pliki multimedialne<\/h4>\n\n\n\n<p>Je\u015bli przesy\u0142asz obrazy, unikaj do\u0142\u0105czania osadzonych danych lokalizacyjnych (EXIF GPS). Inni u\u017cytkownicy mog\u0105 pobiera\u0107 i wyodr\u0119bnia\u0107 te dane z przes\u0142anych obraz\u00f3w.<\/p>\n\n\n\n<h4 class=\"wp-block-heading\" id=\"h-cookies-and-privacy-policy\">Polityka plik\u00f3w cookie i prywatno\u015bci<\/h4>\n\n\n\n<p>Je\u015bli zostawisz komentarz, mo\u017cesz wybra\u0107 opcj\u0119 zapisania swojego imienia, adresu e-mail i strony internetowej w plikach cookie. Dzi\u0119ki temu nie b\u0119dziesz musia\u0142 ponownie wprowadza\u0107 tych danych przy kolejnej wizycie. Pliki te s\u0105 przechowywane przez rok.<\/p>\n\n\n\n<p>Kiedy odwiedzasz nasz\u0105 stron\u0119 logowania, umieszczamy tymczasowy plik cookie, aby sprawdzi\u0107, czy Twoja przegl\u0105darka akceptuje pliki cookie. Ten plik nie zawiera \u017cadnych danych osobowych i znika po zamkni\u0119ciu przegl\u0105darki.<\/p>\n\n\n\n<p>Kiedy logujesz si\u0119 na stron\u0119, zapisujemy kilka plik\u00f3w cookie zwi\u0105zanych z informacjami logowania i preferencjami wy\u015bwietlania ekranu. Pliki cookie logowania s\u0105 przechowywane przez dwa dni, a pliki cookie dotycz\u0105ce opcji ekranu przez rok. Je\u015bli wybierzesz opcj\u0119 \u201ePami\u0119taj mnie\u201d, Twoje logowanie zostanie zapisane na dwa tygodnie. Wylogowanie usuwa pliki cookie logowania.<\/p>\n\n\n\n<p>Kiedy edytujesz lub publikujesz artyku\u0142, plik cookie zapisuje identyfikator (ID) edytowanego wpisu. Nie zawiera on danych osobowych i wygasa po jednym dniu.<\/p>\n\n\n\n<h3 class=\"wp-block-heading\" id=\"h-embedded-content-from-other-websites\">Osadzone tre\u015bci z innych stron internetowych<\/h3>\n\n\n\n<p>Artyku\u0142y na tej stronie mog\u0105 zawiera\u0107 tre\u015bci osadzone (np. filmy, obrazy, artyku\u0142y itp.). Takie tre\u015bci zachowuj\u0105 si\u0119 tak, jakby odwiedzaj\u0105cy wszed\u0142 bezpo\u015brednio na stron\u0119 \u017ar\u00f3d\u0142ow\u0105.<\/p>\n\n\n\n<p>Te witryny stron trzecich mog\u0105 zbiera\u0107 Twoje dane, korzysta\u0107 z plik\u00f3w cookie, osadza\u0107 mechanizmy \u015bledz\u0105ce innych dostawc\u00f3w oraz monitorowa\u0107 Twoje interakcje z ich tre\u015bciami. Je\u015bli jeste\u015b zalogowany na ich platformie, mog\u0105 dodatkowo \u015bledzi\u0107 Twoje dzia\u0142ania.<\/p>\n\n\n\n<h3 class=\"wp-block-heading\" id=\"h-data-retention-and-privacy-policy\">Przechowywanie danych i Polityka prywatno\u015bci<\/h3>\n\n\n\n<p>Je\u015bli zostawisz komentarz, przechowujemy go wraz z jego metadanymi bezterminowo. Pomaga nam to automatycznie rozpoznawa\u0107 i zatwierdza\u0107 kolejne komentarze.<\/p>\n\n\n\n<p>For registered users (if any), we store personal information provided in their user profile. Users can view, edit, or delete their personal information anytime, except for their username. Website administrators can also view and edit that data.<\/p>\n\n\n\n<h3 class=\"wp-block-heading\" id=\"h-your-rights-over-your-data\">Your Rights over your Data<\/h3>\n\n\n\n<p>If you have an account or have left comments, you can request an exported file of your personal data. You can also ask us to delete any data we hold. This excludes any information we must retain for administrative, legal, or security reasons.<\/p>\n\n\n\n<h3 class=\"wp-block-heading\" id=\"h-where-we-send-your-data\">Gdzie przesy\u0142amy Twoje dane<\/h3>\n\n\n\n<p>Mo\u017cemy sprawdza\u0107 komentarze odwiedzaj\u0105cych za pomoc\u0105 zautomatyzowanej us\u0142ugi wykrywania spamu.<\/p>\n\n\n\n<h3 class=\"wp-block-heading\" id=\"h-additional-information\">Dodatkowe informacje<\/h3>\n\n\n\n<p>Korzystaj\u0105c z tej strony, akceptujesz nasz\u0105 polityk\u0119 prywatno\u015bci i wyra\u017casz zgod\u0119 na opisane w niej zasady przetwarzania danych. Je\u015bli si\u0119 z nimi nie zgadzasz, powiniene\u015b zaprzesta\u0107 korzystania ze strony lub odpowiednio dostosowa\u0107 ustawienia swojej przegl\u0105darki. Szczeg\u00f3\u0142owe informacje znajdziesz w pe\u0142nej polityce prywatno\u015bci dost\u0119pnej na stronie.<\/p>\n\n\n\n<p>W przypadku pyta\u0144 lub w\u0105tpliwo\u015bci dotycz\u0105cych Twoich danych osobowych lub niniejszej polityki prywatno\u015bci, skontaktuj si\u0119 z nami bezpo\u015brednio.<\/p>\n\n\n\n<h3 class=\"wp-block-heading\" id=\"h-learn-more-about-privacy\">Dowiedz si\u0119 wi\u0119cej o prywatno\u015bci<\/h3>\n\n\n\n<p>Aby lepiej zrozumie\u0107, czym jest polityka prywatno\u015bci i dlaczego ma znaczenie, mo\u017cesz odwiedzi\u0107 <a href=\"https:\/\/gdpr.eu\/privacy-notice\">ten szczeg\u00f3\u0142owy przewodnik dotycz\u0105cy informacji o prywatno\u015bci<\/a>. Wyja\u015bnia on, w jaki spos\u00f3b dane osobowe powinny by\u0107 przetwarzane oraz czego u\u017cytkownicy mog\u0105 oczekiwa\u0107 od stron internetowych zbieraj\u0105cych ich informacje.<\/p>","protected":false},"excerpt":{"rendered":"<p>Who we are Our website address is: https:\/\/casinoreviewer.pl. This privacy policy outlines how we handle your data when you interact with our platform. What Personal Data we collect and why we collect it: Comments When visitors leave comments, we collect the data shown in the comments form. We also collect the visitor\u2019s IP address and [&hellip;]<\/p>\n","protected":false},"author":4,"featured_media":0,"parent":0,"menu_order":0,"comment_status":"closed","ping_status":"open","template":"","meta":{"footnotes":""},"class_list":["post-3","page","type-page","status-publish","hentry"],"yoast_head":"<!-- This site is optimized with the Yoast SEO Premium plugin v27.0 (Yoast SEO v27.0) - https:\/\/yoast.com\/product\/yoast-seo-premium-wordpress\/ -->\n<title>Privacy Policy: Protecting Your Information Online - casinoreviewer.pl<\/title>\n<meta name=\"description\" content=\"Review our Privacy Policy to understand how we handle data, including comments and image uploads on our website.\" \/>\n<meta name=\"robots\" content=\"index, follow, max-snippet:-1, max-image-preview:large, max-video-preview:-1\" \/>\n<link rel=\"canonical\" href=\"https:\/\/casinoreviewer.pl\/pl\/privacy-policy\/\" \/>\n<meta property=\"og:locale\" content=\"pl_PL\" \/>\n<meta property=\"og:type\" content=\"article\" \/>\n<meta property=\"og:title\" content=\"Privacy Policy\" \/>\n<meta property=\"og:description\" content=\"Review our Privacy Policy to understand how we handle data, including comments and image uploads on our website.\" \/>\n<meta property=\"og:url\" content=\"https:\/\/casinoreviewer.pl\/pl\/privacy-policy\/\" \/>\n<meta property=\"og:site_name\" content=\"casinoreviewer.pl\" \/>\n<meta property=\"article:modified_time\" content=\"2025-09-15T15:28:45+00:00\" \/>\n<meta property=\"og:image\" content=\"https:\/\/casinoreviewer.pl\/wp-content\/uploads\/2025\/08\/polandreview-3.jpg\" \/>\n\t<meta property=\"og:image:width\" content=\"711\" \/>\n\t<meta property=\"og:image:height\" content=\"400\" \/>\n\t<meta property=\"og:image:type\" content=\"image\/jpeg\" \/>\n<meta name=\"twitter:card\" content=\"summary_large_image\" \/>\n<meta name=\"twitter:label1\" content=\"Szacowany czas czytania\" \/>\n\t<meta name=\"twitter:data1\" content=\"3 minuty\" \/>\n<script type=\"application\/ld+json\" class=\"yoast-schema-graph\">{\"@context\":\"https:\/\/schema.org\",\"@graph\":[{\"@type\":\"WebPage\",\"@id\":\"https:\/\/casinoreviewer.pl\/privacy-policy\/\",\"url\":\"https:\/\/casinoreviewer.pl\/privacy-policy\/\",\"name\":\"Privacy Policy: Protecting Your Information Online - casinoreviewer.pl\",\"isPartOf\":{\"@id\":\"https:\/\/casinoreviewer.pl\/#website\"},\"datePublished\":\"2025-08-09T16:38:07+00:00\",\"dateModified\":\"2025-09-15T15:28:45+00:00\",\"description\":\"Review our Privacy Policy to understand how we handle data, including comments and image uploads on our website.\",\"breadcrumb\":{\"@id\":\"https:\/\/casinoreviewer.pl\/privacy-policy\/#breadcrumb\"},\"inLanguage\":\"pl-PL\",\"potentialAction\":[{\"@type\":\"ReadAction\",\"target\":[\"https:\/\/casinoreviewer.pl\/privacy-policy\/\"]}]},{\"@type\":\"BreadcrumbList\",\"@id\":\"https:\/\/casinoreviewer.pl\/privacy-policy\/#breadcrumb\",\"itemListElement\":[{\"@type\":\"ListItem\",\"position\":1,\"name\":\"Home\",\"item\":\"https:\/\/casinoreviewer.pl\/\"},{\"@type\":\"ListItem\",\"position\":2,\"name\":\"Privacy Policy\"}]},{\"@type\":\"WebSite\",\"@id\":\"https:\/\/casinoreviewer.pl\/#website\",\"url\":\"https:\/\/casinoreviewer.pl\/\",\"name\":\"casinoreviewer.pl\",\"description\":\"Trusted Casino Reviews\",\"publisher\":{\"@id\":\"https:\/\/casinoreviewer.pl\/#organization\"},\"potentialAction\":[{\"@type\":\"SearchAction\",\"target\":{\"@type\":\"EntryPoint\",\"urlTemplate\":\"https:\/\/casinoreviewer.pl\/?s={search_term_string}\"},\"query-input\":{\"@type\":\"PropertyValueSpecification\",\"valueRequired\":true,\"valueName\":\"search_term_string\"}}],\"inLanguage\":\"pl-PL\"},{\"@type\":\"Organization\",\"@id\":\"https:\/\/casinoreviewer.pl\/#organization\",\"name\":\"casinoreviewer.pl\",\"url\":\"https:\/\/casinoreviewer.pl\/\",\"logo\":{\"@type\":\"ImageObject\",\"inLanguage\":\"pl-PL\",\"@id\":\"https:\/\/casinoreviewer.pl\/#\/schema\/logo\/image\/\",\"url\":\"https:\/\/casinoreviewer.pl\/wp-content\/uploads\/2025\/08\/casinoreviewerlogo.jpg\",\"contentUrl\":\"https:\/\/casinoreviewer.pl\/wp-content\/uploads\/2025\/08\/casinoreviewerlogo.jpg\",\"width\":1730,\"height\":400,\"caption\":\"casinoreviewer.pl\"},\"image\":{\"@id\":\"https:\/\/casinoreviewer.pl\/#\/schema\/logo\/image\/\"}}]}<\/script>\n<!-- \/ Yoast SEO Premium plugin. -->","yoast_head_json":{"title":"Privacy Policy: Protecting Your Information Online - casinoreviewer.pl","description":"Review our Privacy Policy to understand how we handle data, including comments and image uploads on our website.","robots":{"index":"index","follow":"follow","max-snippet":"max-snippet:-1","max-image-preview":"max-image-preview:large","max-video-preview":"max-video-preview:-1"},"canonical":"https:\/\/casinoreviewer.pl\/pl\/privacy-policy\/","og_locale":"pl_PL","og_type":"article","og_title":"Privacy Policy","og_description":"Review our Privacy Policy to understand how we handle data, including comments and image uploads on our website.","og_url":"https:\/\/casinoreviewer.pl\/pl\/privacy-policy\/","og_site_name":"casinoreviewer.pl","article_modified_time":"2025-09-15T15:28:45+00:00","og_image":[{"width":711,"height":400,"url":"https:\/\/casinoreviewer.pl\/wp-content\/uploads\/2025\/08\/polandreview-3.jpg","type":"image\/jpeg"}],"twitter_card":"summary_large_image","twitter_misc":{"Szacowany czas czytania":"3 minuty"},"schema":{"@context":"https:\/\/schema.org","@graph":[{"@type":"WebPage","@id":"https:\/\/casinoreviewer.pl\/privacy-policy\/","url":"https:\/\/casinoreviewer.pl\/privacy-policy\/","name":"Privacy Policy: Protecting Your Information Online - casinoreviewer.pl","isPartOf":{"@id":"https:\/\/casinoreviewer.pl\/#website"},"datePublished":"2025-08-09T16:38:07+00:00","dateModified":"2025-09-15T15:28:45+00:00","description":"Review our Privacy Policy to understand how we handle data, including comments and image uploads on our website.","breadcrumb":{"@id":"https:\/\/casinoreviewer.pl\/privacy-policy\/#breadcrumb"},"inLanguage":"pl-PL","potentialAction":[{"@type":"ReadAction","target":["https:\/\/casinoreviewer.pl\/privacy-policy\/"]}]},{"@type":"BreadcrumbList","@id":"https:\/\/casinoreviewer.pl\/privacy-policy\/#breadcrumb","itemListElement":[{"@type":"ListItem","position":1,"name":"Home","item":"https:\/\/casinoreviewer.pl\/"},{"@type":"ListItem","position":2,"name":"Privacy Policy"}]},{"@type":"WebSite","@id":"https:\/\/casinoreviewer.pl\/#website","url":"https:\/\/casinoreviewer.pl\/","name":"casinoreviewer.pl","description":"Zaufane Recenzje Kasyn","publisher":{"@id":"https:\/\/casinoreviewer.pl\/#organization"},"potentialAction":[{"@type":"SearchAction","target":{"@type":"EntryPoint","urlTemplate":"https:\/\/casinoreviewer.pl\/?s={search_term_string}"},"query-input":{"@type":"PropertyValueSpecification","valueRequired":true,"valueName":"search_term_string"}}],"inLanguage":"pl-PL"},{"@type":"Organization","@id":"https:\/\/casinoreviewer.pl\/#organization","name":"casinoreviewer.pl","url":"https:\/\/casinoreviewer.pl\/","logo":{"@type":"ImageObject","inLanguage":"pl-PL","@id":"https:\/\/casinoreviewer.pl\/#\/schema\/logo\/image\/","url":"https:\/\/casinoreviewer.pl\/wp-content\/uploads\/2025\/08\/casinoreviewerlogo.jpg","contentUrl":"https:\/\/casinoreviewer.pl\/wp-content\/uploads\/2025\/08\/casinoreviewerlogo.jpg","width":1730,"height":400,"caption":"casinoreviewer.pl"},"image":{"@id":"https:\/\/casinoreviewer.pl\/#\/schema\/logo\/image\/"}}]}},"_links":{"self":[{"href":"https:\/\/casinoreviewer.pl\/pl\/wp-json\/wp\/v2\/pages\/3","targetHints":{"allow":["GET"]}}],"collection":[{"href":"https:\/\/casinoreviewer.pl\/pl\/wp-json\/wp\/v2\/pages"}],"about":[{"href":"https:\/\/casinoreviewer.pl\/pl\/wp-json\/wp\/v2\/types\/page"}],"author":[{"embeddable":true,"href":"https:\/\/casinoreviewer.pl\/pl\/wp-json\/wp\/v2\/users\/4"}],"replies":[{"embeddable":true,"href":"https:\/\/casinoreviewer.pl\/pl\/wp-json\/wp\/v2\/comments?post=3"}],"version-history":[{"count":2,"href":"https:\/\/casinoreviewer.pl\/pl\/wp-json\/wp\/v2\/pages\/3\/revisions"}],"predecessor-version":[{"id":2009,"href":"https:\/\/casinoreviewer.pl\/pl\/wp-json\/wp\/v2\/pages\/3\/revisions\/2009"}],"wp:attachment":[{"href":"https:\/\/casinoreviewer.pl\/pl\/wp-json\/wp\/v2\/media?parent=3"}],"curies":[{"name":"wp","href":"https:\/\/api.w.org\/{rel}","templated":true}]}}